{"id":3377,"date":"2024-07-21T04:40:31","date_gmt":"2024-07-21T04:40:31","guid":{"rendered":"https:\/\/micodigocorporal.com\/index.php\/privacy-policy\/"},"modified":"2025-11-06T18:53:13","modified_gmt":"2025-11-06T18:53:13","slug":"privacy-policy","status":"publish","type":"page","link":"https:\/\/micodigocorporal.com\/en\/privacy-policy\/","title":{"rendered":"Privacy Policy"},"content":{"rendered":"\t\t<div data-elementor-type=\"wp-page\" data-elementor-id=\"3377\" class=\"elementor elementor-3377 elementor-1268\" data-elementor-post-type=\"page\">\n\t\t\t\t<div class=\"elementor-element elementor-element-33796df4 e-flex e-con-boxed e-con e-parent\" data-id=\"33796df4\" data-element_type=\"container\" data-e-type=\"container\" data-settings=\"{&quot;background_background&quot;:&quot;classic&quot;}\">\n\t\t\t\t\t<div class=\"e-con-inner\">\n\t\t\t\t\t<\/div>\n\t\t\t\t<\/div>\n\t\t<div class=\"elementor-element elementor-element-4aca4f30 e-con-full e-flex e-con e-parent\" data-id=\"4aca4f30\" data-element_type=\"container\" data-e-type=\"container\" data-settings=\"{&quot;background_background&quot;:&quot;classic&quot;,&quot;shape_divider_top&quot;:&quot;triangle-asymmetrical&quot;,&quot;shape_divider_top_negative&quot;:&quot;yes&quot;,&quot;shape_divider_bottom&quot;:&quot;triangle-asymmetrical&quot;,&quot;shape_divider_bottom_negative&quot;:&quot;yes&quot;}\">\n\t\t\t\t<div class=\"elementor-shape elementor-shape-top\" aria-hidden=\"true\" data-negative=\"true\">\n\t\t\t<svg xmlns=\"http:\/\/www.w3.org\/2000\/svg\" viewBox=\"0 0 1000 100\" preserveAspectRatio=\"none\">\n\t<path class=\"elementor-shape-fill\" d=\"M737.9,94.7L0,0v100h1000V0L737.9,94.7z\"\/>\n<\/svg>\t\t<\/div>\n\t\t\t\t<div class=\"elementor-shape elementor-shape-bottom\" aria-hidden=\"true\" data-negative=\"true\">\n\t\t\t<svg xmlns=\"http:\/\/www.w3.org\/2000\/svg\" viewBox=\"0 0 1000 100\" preserveAspectRatio=\"none\">\n\t<path class=\"elementor-shape-fill\" d=\"M737.9,94.7L0,0v100h1000V0L737.9,94.7z\"\/>\n<\/svg>\t\t<\/div>\n\t\t<div class=\"elementor-element elementor-element-1f73f9ba e-con-full e-flex e-con e-child\" data-id=\"1f73f9ba\" data-element_type=\"container\" data-e-type=\"container\">\n\t\t\t\t<div class=\"elementor-element elementor-element-63a7ae83 elementor-widget elementor-widget-heading\" data-id=\"63a7ae83\" data-element_type=\"widget\" data-e-type=\"widget\" data-widget_type=\"heading.default\">\n\t\t\t\t<div class=\"elementor-widget-container\">\n\t\t\t\t\t<h2 class=\"elementor-heading-title elementor-size-default\">Privacy Policy<\/h2>\t\t\t\t<\/div>\n\t\t\t\t<\/div>\n\t\t\t\t<\/div>\n\t\t\t\t<\/div>\n\t\t<div class=\"elementor-element elementor-element-398d8017 e-flex e-con-boxed e-con e-parent\" data-id=\"398d8017\" data-element_type=\"container\" data-e-type=\"container\">\n\t\t\t\t\t<div class=\"e-con-inner\">\n\t\t\t\t<div class=\"elementor-element elementor-element-de1bbae elementor-widget elementor-widget-text-editor\" data-id=\"de1bbae\" data-element_type=\"widget\" data-e-type=\"widget\" data-widget_type=\"text-editor.default\">\n\t\t\t\t<div class=\"elementor-widget-container\">\n\t\t\t\t\t\t\t\t\t<div id=\"container_M7SopmoAMv2\" class=\"container color_TextBackgroundBg \">\r\n<div id=\"container_eJQvDYqA-DA\" class=\"container \">\r\n<div id=\"container_e7aIUQ94kb1\" class=\"container \">\r\n<div class=\"text_wrapper TextBodyNone color_TextUnemph\">\r\n\r\n<span style=\"color: var( --e-global-color-text ); text-align: var(--text-align);\">Our company is committed to protecting the privacy of our clients. This privacy policy outlines how we collect, use, and protect the personal information we obtain through our website for Behavioral Analysis based on Character Traits. <\/span>\r\n<ol>\r\n \t<li><strong>Information Collection:<\/strong> We collect personal information provided by clients solely for the specific purposes of our contracted services. This information may include name, email address, demographic data, and other details necessary to fulfill the requested services.<\/li>\r\n \t<li><strong>Information Collection: <\/strong> We collect personal information provided by clients solely for the specific purposes of our contracted services. This information may include name, email address, demographic data, and other details necessary to fulfill the requested services.<\/li>\r\n \t<li><strong>Confidentiality and Security: <\/strong> All data generated for the client is confidential and protected through reasonable security measures to prevent unauthorized access, disclosure, or alteration of the information.<\/li>\r\n \t<li><strong>Intellectual Property: <\/strong> The client agrees not to disclose to third parties any information generated by our company under any circumstances, thus respecting our intellectual property and confidentiality.<\/li>\r\n \t<li><strong>Updating Personal Information: <\/strong> Clients have the right to update, correct, or delete their personal information in accordance with applicable data protection laws. To make any changes to the provided personal information, the client can contact us via email at \u00a0<a href=\"mailto:maito:mbogarin@micodigocorporal.com\" target=\"_blank\" rel=\"noopener\">mbogarin@micodigocorporal.com<\/a>.<\/li>\r\n \t<li><strong>Changes to the Privacy Policy:<\/strong> We reserve the right to modify this privacy policy at any time. An updated version will be posted on our website with the corresponding effective date. Clients are encouraged to review this policy periodically to stay informed about how we protect their information.<\/li>\r\n<\/ol>\r\nIf you have any questions or concerns about our privacy policy or the handling of your personal data, please contact us at\u00a0<a href=\"mailto:maito:mbogarin@micodigocorporal.com\" target=\"_blank\" rel=\"noopener\">mbogarin@micodigocorporal.com<\/a>.\r\n\r\n<\/div><br><\/div><br><\/div><br><\/div>\t\t\t\t\t\t\t\t<\/div>\n\t\t\t\t<\/div>\n\t\t\t\t\t<\/div>\n\t\t\t\t<\/div>\n\t\t\t\t<\/div>\n\t\t","protected":false},"excerpt":{"rendered":"<p>Privacy Policy Our company is committed to protecting the privacy of our clients. This privacy policy outlines how we collect, use, and protect the personal information we obtain through our website for Behavioral Analysis based on Character Traits. Information Collection: We collect personal information provided by clients solely for the specific purposes of our contracted [&hellip;]<\/p>\n","protected":false},"author":1,"featured_media":0,"parent":0,"menu_order":0,"comment_status":"closed","ping_status":"closed","template":"","meta":{"footnotes":""},"class_list":["post-3377","page","type-page","status-publish","hentry"],"yoast_head":"<!-- This site is optimized with the Yoast SEO plugin v27.4 - https:\/\/yoast.com\/product\/yoast-seo-wordpress\/ -->\n<title>Privacy Policy - Mi Codigo Corporal<\/title>\n<meta name=\"robots\" content=\"index, follow, max-snippet:-1, max-image-preview:large, max-video-preview:-1\" \/>\n<link rel=\"canonical\" href=\"https:\/\/micodigocorporal.com\/en\/privacy-policy\/\" \/>\n<meta property=\"og:locale\" content=\"en_US\" \/>\n<meta property=\"og:type\" content=\"article\" \/>\n<meta property=\"og:title\" content=\"Privacy Policy - Mi Codigo Corporal\" \/>\n<meta property=\"og:description\" content=\"Privacy Policy Our company is committed to protecting the privacy of our clients. This privacy policy outlines how we collect, use, and protect the personal information we obtain through our website for Behavioral Analysis based on Character Traits. Information Collection: We collect personal information provided by clients solely for the specific purposes of our contracted [&hellip;]\" \/>\n<meta property=\"og:url\" content=\"https:\/\/micodigocorporal.com\/en\/privacy-policy\/\" \/>\n<meta property=\"og:site_name\" content=\"Mi Codigo Corporal\" \/>\n<meta property=\"article:modified_time\" content=\"2025-11-06T18:53:13+00:00\" \/>\n<meta name=\"twitter:card\" content=\"summary_large_image\" \/>\n<meta name=\"twitter:label1\" content=\"Est. reading time\" \/>\n\t<meta name=\"twitter:data1\" content=\"1 minute\" \/>\n<script type=\"application\/ld+json\" class=\"yoast-schema-graph\">{\"@context\":\"https:\\\/\\\/schema.org\",\"@graph\":[{\"@type\":\"WebPage\",\"@id\":\"https:\\\/\\\/micodigocorporal.com\\\/en\\\/privacy-policy\\\/\",\"url\":\"https:\\\/\\\/micodigocorporal.com\\\/en\\\/privacy-policy\\\/\",\"name\":\"Privacy Policy - Mi Codigo Corporal\",\"isPartOf\":{\"@id\":\"https:\\\/\\\/micodigocorporal.com\\\/en\\\/#website\"},\"datePublished\":\"2024-07-21T04:40:31+00:00\",\"dateModified\":\"2025-11-06T18:53:13+00:00\",\"breadcrumb\":{\"@id\":\"https:\\\/\\\/micodigocorporal.com\\\/en\\\/privacy-policy\\\/#breadcrumb\"},\"inLanguage\":\"en-US\",\"potentialAction\":[{\"@type\":\"ReadAction\",\"target\":[\"https:\\\/\\\/micodigocorporal.com\\\/en\\\/privacy-policy\\\/\"]}]},{\"@type\":\"BreadcrumbList\",\"@id\":\"https:\\\/\\\/micodigocorporal.com\\\/en\\\/privacy-policy\\\/#breadcrumb\",\"itemListElement\":[{\"@type\":\"ListItem\",\"position\":1,\"name\":\"Portada\",\"item\":\"https:\\\/\\\/micodigocorporal.com\\\/en\\\/\"},{\"@type\":\"ListItem\",\"position\":2,\"name\":\"Privacy Policy\"}]},{\"@type\":\"WebSite\",\"@id\":\"https:\\\/\\\/micodigocorporal.com\\\/en\\\/#website\",\"url\":\"https:\\\/\\\/micodigocorporal.com\\\/en\\\/\",\"name\":\"Mi Codigo Corporal\",\"description\":\"Descubre los secretos detr\u00e1s de los Rasgos de Car\u00e1cter y el An\u00e1lisis Comportamental\",\"publisher\":{\"@id\":\"https:\\\/\\\/micodigocorporal.com\\\/en\\\/#organization\"},\"potentialAction\":[{\"@type\":\"SearchAction\",\"target\":{\"@type\":\"EntryPoint\",\"urlTemplate\":\"https:\\\/\\\/micodigocorporal.com\\\/en\\\/?s={search_term_string}\"},\"query-input\":{\"@type\":\"PropertyValueSpecification\",\"valueRequired\":true,\"valueName\":\"search_term_string\"}}],\"inLanguage\":\"en-US\"},{\"@type\":\"Organization\",\"@id\":\"https:\\\/\\\/micodigocorporal.com\\\/en\\\/#organization\",\"name\":\"Mi Codigo Corporal\",\"url\":\"https:\\\/\\\/micodigocorporal.com\\\/en\\\/\",\"logo\":{\"@type\":\"ImageObject\",\"inLanguage\":\"en-US\",\"@id\":\"https:\\\/\\\/micodigocorporal.com\\\/en\\\/#\\\/schema\\\/logo\\\/image\\\/\",\"url\":\"https:\\\/\\\/micodigocorporal.com\\\/wp-content\\\/uploads\\\/2024\\\/07\\\/Logo-Mi-Codigo_port-2.png\",\"contentUrl\":\"https:\\\/\\\/micodigocorporal.com\\\/wp-content\\\/uploads\\\/2024\\\/07\\\/Logo-Mi-Codigo_port-2.png\",\"width\":75,\"height\":75,\"caption\":\"Mi Codigo Corporal\"},\"image\":{\"@id\":\"https:\\\/\\\/micodigocorporal.com\\\/en\\\/#\\\/schema\\\/logo\\\/image\\\/\"}}]}<\/script>\n<!-- \/ Yoast SEO plugin. -->","yoast_head_json":{"title":"Privacy Policy - Mi Codigo Corporal","robots":{"index":"index","follow":"follow","max-snippet":"max-snippet:-1","max-image-preview":"max-image-preview:large","max-video-preview":"max-video-preview:-1"},"canonical":"https:\/\/micodigocorporal.com\/en\/privacy-policy\/","og_locale":"en_US","og_type":"article","og_title":"Privacy Policy - Mi Codigo Corporal","og_description":"Privacy Policy Our company is committed to protecting the privacy of our clients. This privacy policy outlines how we collect, use, and protect the personal information we obtain through our website for Behavioral Analysis based on Character Traits. Information Collection: We collect personal information provided by clients solely for the specific purposes of our contracted [&hellip;]","og_url":"https:\/\/micodigocorporal.com\/en\/privacy-policy\/","og_site_name":"Mi Codigo Corporal","article_modified_time":"2025-11-06T18:53:13+00:00","twitter_card":"summary_large_image","twitter_misc":{"Est. reading time":"1 minute"},"schema":{"@context":"https:\/\/schema.org","@graph":[{"@type":"WebPage","@id":"https:\/\/micodigocorporal.com\/en\/privacy-policy\/","url":"https:\/\/micodigocorporal.com\/en\/privacy-policy\/","name":"Privacy Policy - Mi Codigo Corporal","isPartOf":{"@id":"https:\/\/micodigocorporal.com\/en\/#website"},"datePublished":"2024-07-21T04:40:31+00:00","dateModified":"2025-11-06T18:53:13+00:00","breadcrumb":{"@id":"https:\/\/micodigocorporal.com\/en\/privacy-policy\/#breadcrumb"},"inLanguage":"en-US","potentialAction":[{"@type":"ReadAction","target":["https:\/\/micodigocorporal.com\/en\/privacy-policy\/"]}]},{"@type":"BreadcrumbList","@id":"https:\/\/micodigocorporal.com\/en\/privacy-policy\/#breadcrumb","itemListElement":[{"@type":"ListItem","position":1,"name":"Portada","item":"https:\/\/micodigocorporal.com\/en\/"},{"@type":"ListItem","position":2,"name":"Privacy Policy"}]},{"@type":"WebSite","@id":"https:\/\/micodigocorporal.com\/en\/#website","url":"https:\/\/micodigocorporal.com\/en\/","name":"Mi Codigo Corporal","description":"Descubre los secretos detr\u00e1s de los Rasgos de Car\u00e1cter y el An\u00e1lisis Comportamental","publisher":{"@id":"https:\/\/micodigocorporal.com\/en\/#organization"},"potentialAction":[{"@type":"SearchAction","target":{"@type":"EntryPoint","urlTemplate":"https:\/\/micodigocorporal.com\/en\/?s={search_term_string}"},"query-input":{"@type":"PropertyValueSpecification","valueRequired":true,"valueName":"search_term_string"}}],"inLanguage":"en-US"},{"@type":"Organization","@id":"https:\/\/micodigocorporal.com\/en\/#organization","name":"Mi Codigo Corporal","url":"https:\/\/micodigocorporal.com\/en\/","logo":{"@type":"ImageObject","inLanguage":"en-US","@id":"https:\/\/micodigocorporal.com\/en\/#\/schema\/logo\/image\/","url":"https:\/\/micodigocorporal.com\/wp-content\/uploads\/2024\/07\/Logo-Mi-Codigo_port-2.png","contentUrl":"https:\/\/micodigocorporal.com\/wp-content\/uploads\/2024\/07\/Logo-Mi-Codigo_port-2.png","width":75,"height":75,"caption":"Mi Codigo Corporal"},"image":{"@id":"https:\/\/micodigocorporal.com\/en\/#\/schema\/logo\/image\/"}}]}},"_links":{"self":[{"href":"https:\/\/micodigocorporal.com\/en\/wp-json\/wp\/v2\/pages\/3377","targetHints":{"allow":["GET"]}}],"collection":[{"href":"https:\/\/micodigocorporal.com\/en\/wp-json\/wp\/v2\/pages"}],"about":[{"href":"https:\/\/micodigocorporal.com\/en\/wp-json\/wp\/v2\/types\/page"}],"author":[{"embeddable":true,"href":"https:\/\/micodigocorporal.com\/en\/wp-json\/wp\/v2\/users\/1"}],"replies":[{"embeddable":true,"href":"https:\/\/micodigocorporal.com\/en\/wp-json\/wp\/v2\/comments?post=3377"}],"version-history":[{"count":8,"href":"https:\/\/micodigocorporal.com\/en\/wp-json\/wp\/v2\/pages\/3377\/revisions"}],"predecessor-version":[{"id":6611,"href":"https:\/\/micodigocorporal.com\/en\/wp-json\/wp\/v2\/pages\/3377\/revisions\/6611"}],"wp:attachment":[{"href":"https:\/\/micodigocorporal.com\/en\/wp-json\/wp\/v2\/media?parent=3377"}],"curies":[{"name":"wp","href":"https:\/\/api.w.org\/{rel}","templated":true}]}}